{"id":406,"date":"2023-03-25T16:45:57","date_gmt":"2023-03-25T15:45:57","guid":{"rendered":"https:\/\/www.drentklubben.se\/wordpress\/?page_id=406"},"modified":"2023-03-25T16:48:09","modified_gmt":"2023-03-25T15:48:09","slug":"importera-hund","status":"publish","type":"page","link":"https:\/\/www.drentklubben.se\/web\/importera-hund\/","title":{"rendered":"Importera hund"},"content":{"rendered":"\n<h2 class=\"wp-block-heading\">Importera hund<\/h2>\n\n\n\n<p>D\u00e5 uppf\u00f6dningen  av Drentsche Patrijshond inom Sverige \u00e4r begr\u00e4nsad h\u00e4nder det ofta att valpk\u00f6pare v\u00e4nder sig utomlands. <\/p>\n\n\n\n<p><a href=\"https:\/\/jordbruksverket.se\/djur\/hundar-katter-och-smadjur\/hundar\/resor-och-handel-med-hundar-mellan-lander\/ta-in-hundar-till-sverige\" target=\"_blank\" rel=\"noreferrer noopener\">Jordbruksverket<\/a> reglerar inf\u00f6rseln av hund i Sverige. <\/p>\n\n\n\n<p>P\u00e5<a href=\"https:\/\/www.skk.se\/sv\/uppfodning\/avel-och-uppfodning\/importera-hund\/\" target=\"_blank\" rel=\"noreferrer noopener\"> Svenska Kennelklubben <\/a>har information om hur du registrerar en importerad hund.<\/p>\n\n\n\n<h2 class=\"has-medium-font-size wp-block-heading\">Uppf\u00f6dare utomlands<\/h2>\n\n\n\n<p>Om du s\u00f6ker hund eller valp f\u00f6r import h\u00e4nvisar vi till danska och nederl\u00e4ndska uppf\u00f6dare som du kan hitta via rasklubbarna i respektive land:<\/p>\n\n\n\n<p><a href=\"https:\/\/www.drenteklub.dk\/avl\/hvalpeformidling.aspx\" target=\"_blank\" rel=\"noreferrer noopener\">Dansk Drentsche Patrijshond Klub<\/a><\/p>\n\n\n\n<p><a href=\"https:\/\/www.dphcn.nl\/pups-geboren-01\/\" target=\"_blank\" rel=\"noreferrer noopener\">Drentsche Patrijshonden Club Nederland<\/a><\/p>\n\n\n\n<p><a href=\"https:\/\/drentschepatrijshond.com\/ik-wil-een-drent\/puplijst\/\" target=\"_blank\" rel=\"noreferrer noopener\">Vereniging De Drentsche Patrijshond<\/a><\/p>\n","protected":false},"excerpt":{"rendered":"<p>Importera hund D\u00e5 uppf\u00f6dningen av Drentsche Patrijshond inom Sverige \u00e4r begr\u00e4nsad h\u00e4nder det ofta att valpk\u00f6pare v\u00e4nder sig utomlands. Jordbruksverket reglerar inf\u00f6rseln av hund i Sverige. P\u00e5 Svenska Kennelklubben har&#8230;<\/p>\n","protected":false},"author":1,"featured_media":0,"parent":0,"menu_order":0,"comment_status":"closed","ping_status":"closed","template":"","meta":{"_monsterinsights_skip_tracking":false,"_monsterinsights_sitenote_active":false,"_monsterinsights_sitenote_note":"","_monsterinsights_sitenote_category":0,"_kadence_starter_templates_imported_post":false,"_kad_post_transparent":"","_kad_post_title":"","_kad_post_layout":"","_kad_post_sidebar_id":"","_kad_post_content_style":"","_kad_post_vertical_padding":"","_kad_post_feature":"","_kad_post_feature_position":"","_kad_post_header":false,"_kad_post_footer":false,"footnotes":""},"class_list":["post-406","page","type-page","status-publish","hentry"],"yoast_head":"<!-- This site is optimized with the Yoast SEO plugin v25.6 - https:\/\/yoast.com\/wordpress\/plugins\/seo\/ -->\n<title>Importera hund - Svenska Drentsche Patrijshondklubben<\/title>\n<meta name=\"robots\" content=\"index, follow, max-snippet:-1, max-image-preview:large, max-video-preview:-1\" \/>\n<link rel=\"canonical\" href=\"https:\/\/www.drentklubben.se\/web\/importera-hund\/\" \/>\n<meta property=\"og:locale\" content=\"sv_SE\" \/>\n<meta property=\"og:type\" content=\"article\" \/>\n<meta property=\"og:title\" content=\"Importera hund - Svenska Drentsche Patrijshondklubben\" \/>\n<meta property=\"og:description\" content=\"Importera hund D\u00e5 uppf\u00f6dningen av Drentsche Patrijshond inom Sverige \u00e4r begr\u00e4nsad h\u00e4nder det ofta att valpk\u00f6pare v\u00e4nder sig utomlands. Jordbruksverket reglerar inf\u00f6rseln av hund i Sverige. P\u00e5 Svenska Kennelklubben har...\" \/>\n<meta property=\"og:url\" content=\"https:\/\/www.drentklubben.se\/web\/importera-hund\/\" \/>\n<meta property=\"og:site_name\" content=\"Svenska Drentsche Patrijshondklubben\" \/>\n<meta property=\"article:publisher\" content=\"https:\/\/www.facebook.com\/profile.php?id=100064533828543\" \/>\n<meta property=\"article:modified_time\" content=\"2023-03-25T15:48:09+00:00\" \/>\n<meta name=\"twitter:card\" content=\"summary_large_image\" \/>\n<meta name=\"twitter:label1\" content=\"Ber\u00e4knad l\u00e4stid\" \/>\n\t<meta name=\"twitter:data1\" content=\"1 minut\" \/>\n<script type=\"application\/ld+json\" class=\"yoast-schema-graph\">{\"@context\":\"https:\/\/schema.org\",\"@graph\":[{\"@type\":\"WebPage\",\"@id\":\"https:\/\/www.drentklubben.se\/web\/importera-hund\/\",\"url\":\"https:\/\/www.drentklubben.se\/web\/importera-hund\/\",\"name\":\"Importera hund - Svenska Drentsche Patrijshondklubben\",\"isPartOf\":{\"@id\":\"https:\/\/www.drentklubben.se\/web\/#website\"},\"datePublished\":\"2023-03-25T15:45:57+00:00\",\"dateModified\":\"2023-03-25T15:48:09+00:00\",\"breadcrumb\":{\"@id\":\"https:\/\/www.drentklubben.se\/web\/importera-hund\/#breadcrumb\"},\"inLanguage\":\"sv-SE\",\"potentialAction\":[{\"@type\":\"ReadAction\",\"target\":[\"https:\/\/www.drentklubben.se\/web\/importera-hund\/\"]}]},{\"@type\":\"BreadcrumbList\",\"@id\":\"https:\/\/www.drentklubben.se\/web\/importera-hund\/#breadcrumb\",\"itemListElement\":[{\"@type\":\"ListItem\",\"position\":1,\"name\":\"Home\",\"item\":\"https:\/\/www.drentklubben.se\/web\/\"},{\"@type\":\"ListItem\",\"position\":2,\"name\":\"Importera hund\"}]},{\"@type\":\"WebSite\",\"@id\":\"https:\/\/www.drentklubben.se\/web\/#website\",\"url\":\"https:\/\/www.drentklubben.se\/web\/\",\"name\":\"Svenska Drentsche Patrijshondklubben\",\"description\":\"\",\"publisher\":{\"@id\":\"https:\/\/www.drentklubben.se\/web\/#organization\"},\"potentialAction\":[{\"@type\":\"SearchAction\",\"target\":{\"@type\":\"EntryPoint\",\"urlTemplate\":\"https:\/\/www.drentklubben.se\/web\/?s={search_term_string}\"},\"query-input\":{\"@type\":\"PropertyValueSpecification\",\"valueRequired\":true,\"valueName\":\"search_term_string\"}}],\"inLanguage\":\"sv-SE\"},{\"@type\":\"Organization\",\"@id\":\"https:\/\/www.drentklubben.se\/web\/#organization\",\"name\":\"Svenska Drentsche Patrijshondklubben\",\"url\":\"https:\/\/www.drentklubben.se\/web\/\",\"logo\":{\"@type\":\"ImageObject\",\"inLanguage\":\"sv-SE\",\"@id\":\"https:\/\/www.drentklubben.se\/web\/#\/schema\/logo\/image\/\",\"url\":\"https:\/\/www.drentklubben.se\/wp-content\/uploads\/2023\/03\/cropped-logo-2.jpg\",\"contentUrl\":\"https:\/\/www.drentklubben.se\/wp-content\/uploads\/2023\/03\/cropped-logo-2.jpg\",\"width\":1653,\"height\":1849,\"caption\":\"Svenska Drentsche Patrijshondklubben\"},\"image\":{\"@id\":\"https:\/\/www.drentklubben.se\/web\/#\/schema\/logo\/image\/\"},\"sameAs\":[\"https:\/\/www.facebook.com\/profile.php?id=100064533828543\"]}]}<\/script>\n<!-- \/ Yoast SEO plugin. -->","yoast_head_json":{"title":"Importera hund - Svenska Drentsche Patrijshondklubben","robots":{"index":"index","follow":"follow","max-snippet":"max-snippet:-1","max-image-preview":"max-image-preview:large","max-video-preview":"max-video-preview:-1"},"canonical":"https:\/\/www.drentklubben.se\/web\/importera-hund\/","og_locale":"sv_SE","og_type":"article","og_title":"Importera hund - Svenska Drentsche Patrijshondklubben","og_description":"Importera hund D\u00e5 uppf\u00f6dningen av Drentsche Patrijshond inom Sverige \u00e4r begr\u00e4nsad h\u00e4nder det ofta att valpk\u00f6pare v\u00e4nder sig utomlands. Jordbruksverket reglerar inf\u00f6rseln av hund i Sverige. P\u00e5 Svenska Kennelklubben har...","og_url":"https:\/\/www.drentklubben.se\/web\/importera-hund\/","og_site_name":"Svenska Drentsche Patrijshondklubben","article_publisher":"https:\/\/www.facebook.com\/profile.php?id=100064533828543","article_modified_time":"2023-03-25T15:48:09+00:00","twitter_card":"summary_large_image","twitter_misc":{"Ber\u00e4knad l\u00e4stid":"1 minut"},"schema":{"@context":"https:\/\/schema.org","@graph":[{"@type":"WebPage","@id":"https:\/\/www.drentklubben.se\/web\/importera-hund\/","url":"https:\/\/www.drentklubben.se\/web\/importera-hund\/","name":"Importera hund - Svenska Drentsche Patrijshondklubben","isPartOf":{"@id":"https:\/\/www.drentklubben.se\/web\/#website"},"datePublished":"2023-03-25T15:45:57+00:00","dateModified":"2023-03-25T15:48:09+00:00","breadcrumb":{"@id":"https:\/\/www.drentklubben.se\/web\/importera-hund\/#breadcrumb"},"inLanguage":"sv-SE","potentialAction":[{"@type":"ReadAction","target":["https:\/\/www.drentklubben.se\/web\/importera-hund\/"]}]},{"@type":"BreadcrumbList","@id":"https:\/\/www.drentklubben.se\/web\/importera-hund\/#breadcrumb","itemListElement":[{"@type":"ListItem","position":1,"name":"Home","item":"https:\/\/www.drentklubben.se\/web\/"},{"@type":"ListItem","position":2,"name":"Importera hund"}]},{"@type":"WebSite","@id":"https:\/\/www.drentklubben.se\/web\/#website","url":"https:\/\/www.drentklubben.se\/web\/","name":"Svenska Drentsche Patrijshondklubben","description":"","publisher":{"@id":"https:\/\/www.drentklubben.se\/web\/#organization"},"potentialAction":[{"@type":"SearchAction","target":{"@type":"EntryPoint","urlTemplate":"https:\/\/www.drentklubben.se\/web\/?s={search_term_string}"},"query-input":{"@type":"PropertyValueSpecification","valueRequired":true,"valueName":"search_term_string"}}],"inLanguage":"sv-SE"},{"@type":"Organization","@id":"https:\/\/www.drentklubben.se\/web\/#organization","name":"Svenska Drentsche Patrijshondklubben","url":"https:\/\/www.drentklubben.se\/web\/","logo":{"@type":"ImageObject","inLanguage":"sv-SE","@id":"https:\/\/www.drentklubben.se\/web\/#\/schema\/logo\/image\/","url":"https:\/\/www.drentklubben.se\/wp-content\/uploads\/2023\/03\/cropped-logo-2.jpg","contentUrl":"https:\/\/www.drentklubben.se\/wp-content\/uploads\/2023\/03\/cropped-logo-2.jpg","width":1653,"height":1849,"caption":"Svenska Drentsche Patrijshondklubben"},"image":{"@id":"https:\/\/www.drentklubben.se\/web\/#\/schema\/logo\/image\/"},"sameAs":["https:\/\/www.facebook.com\/profile.php?id=100064533828543"]}]}},"_links":{"self":[{"href":"https:\/\/www.drentklubben.se\/web\/wp-json\/wp\/v2\/pages\/406","targetHints":{"allow":["GET"]}}],"collection":[{"href":"https:\/\/www.drentklubben.se\/web\/wp-json\/wp\/v2\/pages"}],"about":[{"href":"https:\/\/www.drentklubben.se\/web\/wp-json\/wp\/v2\/types\/page"}],"author":[{"embeddable":true,"href":"https:\/\/www.drentklubben.se\/web\/wp-json\/wp\/v2\/users\/1"}],"replies":[{"embeddable":true,"href":"https:\/\/www.drentklubben.se\/web\/wp-json\/wp\/v2\/comments?post=406"}],"version-history":[{"count":2,"href":"https:\/\/www.drentklubben.se\/web\/wp-json\/wp\/v2\/pages\/406\/revisions"}],"predecessor-version":[{"id":410,"href":"https:\/\/www.drentklubben.se\/web\/wp-json\/wp\/v2\/pages\/406\/revisions\/410"}],"wp:attachment":[{"href":"https:\/\/www.drentklubben.se\/web\/wp-json\/wp\/v2\/media?parent=406"}],"curies":[{"name":"wp","href":"https:\/\/api.w.org\/{rel}","templated":true}]}}