{"id":1084,"date":"2025-05-24T19:07:00","date_gmt":"2025-05-24T17:07:00","guid":{"rendered":"https:\/\/www.drentklubben.se\/web\/?page_id=1084"},"modified":"2026-02-05T11:16:29","modified_gmt":"2026-02-05T10:16:29","slug":"aktuella-valpkullar","status":"publish","type":"page","link":"https:\/\/www.drentklubben.se\/web\/aktuella-valpkullar\/","title":{"rendered":"Aktuella valpkullar"},"content":{"rendered":"<style>.wp-block-kadence-advancedheading.kt-adv-heading1084_32a881-f3, .wp-block-kadence-advancedheading.kt-adv-heading1084_32a881-f3[data-kb-block=\"kb-adv-heading1084_32a881-f3\"]{font-style:normal;}.wp-block-kadence-advancedheading.kt-adv-heading1084_32a881-f3 mark.kt-highlight, .wp-block-kadence-advancedheading.kt-adv-heading1084_32a881-f3[data-kb-block=\"kb-adv-heading1084_32a881-f3\"] mark.kt-highlight{font-style:normal;color:#f76a0c;-webkit-box-decoration-break:clone;box-decoration-break:clone;padding-top:0px;padding-right:0px;padding-bottom:0px;padding-left:0px;}<\/style>\n<h2 class=\"kt-adv-heading1084_32a881-f3 wp-block-kadence-advancedheading\" data-kb-block=\"kb-adv-heading1084_32a881-f3\">Aktuella valpkullar 2026<\/h2>\n\n\n<style>.kb-row-layout-id1084_d67d0a-d1 > .kt-row-column-wrap{align-content:start;}:where(.kb-row-layout-id1084_d67d0a-d1 > .kt-row-column-wrap) > .wp-block-kadence-column{justify-content:start;}.kb-row-layout-id1084_d67d0a-d1 > .kt-row-column-wrap{column-gap:var(--global-kb-gap-none, 0rem );row-gap:var(--global-kb-gap-md, 2rem);max-width:1071px;margin-left:auto;margin-right:auto;padding-top:var(--global-kb-spacing-sm, 1.5rem);padding-bottom:var(--global-kb-spacing-sm, 1.5rem);grid-template-columns:minmax(0, 2fr) minmax(0, 1fr);}.kb-row-layout-id1084_d67d0a-d1{box-shadow:0px 0px 14px 0px rgba(0, 0, 0, 0.2);border-top:10px solid transparent;border-right:10px solid transparent;border-bottom:10px solid transparent;border-left:10px solid transparent;}.kb-row-layout-id1084_d67d0a-d1 > .kt-row-layout-overlay{opacity:0.30;}@media all and (max-width: 1024px){.kb-row-layout-id1084_d67d0a-d1 > .kt-row-column-wrap{grid-template-columns:minmax(0, 2fr) minmax(0, 1fr);}}@media all and (max-width: 1024px){.kb-row-layout-id1084_d67d0a-d1{border-top:10px solid transparent;border-right:10px solid transparent;border-bottom:10px solid transparent;border-left:10px solid transparent;}}@media all and (max-width: 767px){.kb-row-layout-id1084_d67d0a-d1 > .kt-row-column-wrap{grid-template-columns:minmax(0, 1fr);}.kb-row-layout-id1084_d67d0a-d1{border-top:10px solid transparent;border-right:10px solid transparent;border-bottom:10px solid transparent;border-left:10px solid transparent;}}<\/style><div class=\"kb-row-layout-wrap kb-row-layout-id1084_d67d0a-d1 alignnone wp-block-kadence-rowlayout\"><div class=\"kt-row-column-wrap kt-has-2-columns kt-row-layout-left-golden kt-tab-layout-inherit kt-mobile-layout-row kt-row-valign-top\">\n<style>.kadence-column1084_21f97d-bb > .kt-inside-inner-col,.kadence-column1084_21f97d-bb > .kt-inside-inner-col:before{border-top-left-radius:0px;border-top-right-radius:0px;border-bottom-right-radius:0px;border-bottom-left-radius:0px;}.kadence-column1084_21f97d-bb > .kt-inside-inner-col{column-gap:var(--global-kb-gap-sm, 1rem);}.kadence-column1084_21f97d-bb > .kt-inside-inner-col{flex-direction:column;}.kadence-column1084_21f97d-bb > .kt-inside-inner-col > .aligncenter{width:100%;}.kadence-column1084_21f97d-bb > .kt-inside-inner-col:before{opacity:0.3;}.kadence-column1084_21f97d-bb{position:relative;}@media all and (max-width: 1024px){.kadence-column1084_21f97d-bb > .kt-inside-inner-col{flex-direction:column;justify-content:center;}}@media all and (max-width: 767px){.kadence-column1084_21f97d-bb > .kt-inside-inner-col{flex-direction:column;justify-content:center;}}<\/style>\n<div class=\"wp-block-kadence-column kadence-column1084_21f97d-bb\"><div class=\"kt-inside-inner-col\"><style>.kb-posts-id-1084_413a30-c4 .entry.loop-entry .entry-header .entry-title{font-size:var(--global-kb-font-size-sm, 0.9rem);text-transform:none;}.kb-posts-id-1084_413a30-c4 .loop-entry{background:transparent;box-shadow:none;}.kb-posts-id-1084_413a30-c4 .loop-entry > .entry-content-wrap{padding:0px;}.kb-posts-id-1084_413a30-c4 .loop-entry .post-thumbnail{margin-bottom:1em;}<\/style><div class=\"wp-block-kadence-posts kb-posts kb-posts-id-1084_413a30-c4 content-wrap grid-cols kb-posts-style-unboxed grid-sm-col-1 grid-lg-col-1 item-image-style-beside\"><article class=\"entry content-bg loop-entry post-1081 post type-post status-publish format-standard hentry category-aktuella-valpkullar category-framsida\">\n\t\t<div class=\"entry-content-wrap\">\n\t\t<header class=\"entry-header\">\n\t\t<div class=\"entry-taxonomies\">\n\t\t<span class=\"category-links term-links category-style-normal\">\n\t\t\t<a href=\"https:\/\/www.drentklubben.se\/web\/category\/aktuella-valpkullar\/\" class=\"category-link-aktuella-valpkullar\" rel=\"tag\">Aktuella valpkullar<\/a> | <a href=\"https:\/\/www.drentklubben.se\/web\/category\/framsida\/\" class=\"category-link-framsida\" rel=\"tag\">Framsida<\/a>\t\t<\/span>\n\t<\/div><!-- .entry-taxonomies -->\n\t<h2 class=\"entry-title\"><a href=\"https:\/\/www.drentklubben.se\/web\/forsta-inkorsningskullen-drentsche-patrijshond-och-kleine-munsterlander\/\" rel=\"bookmark\">F\u00f6rsta inkorsningskullen drentsche patrijshond och kleine munsterl\u00e4nder.<\/a><\/h2>\t<div class=\"entry-meta entry-meta-divider-dot\">\n\t<span class=\"posted-by\"><span class=\"meta-label\">By<\/span><span class=\"author vcard\"><span class=\"fn n\">admin<\/span><\/span><\/span>\t\t\t<span class=\"posted-on\">\n\t\t\t\t<time class=\"entry-date published\" datetime=\"2025-05-24T19:03:43+02:00\">24 maj 2025<\/time><time class=\"updated\" datetime=\"2025-05-24T19:19:06+02:00\">24 maj 2025<\/time>\t\t\t<\/span>\n\t\t\t\t<\/div><!-- .entry-meta -->\n\t<\/header><!-- .entry-header -->\n\t<div class=\"entry-summary\">\n\t\t<p>Valpar f\u00f6rv\u00e4ntas midsommar 2025 mellan Renslingans Gilda (drentsche patrijshond) och Munsterhusets Figo (kleine munsterl\u00e4nder). Gilda och Figo \u00e4r tv\u00e5 hundar i sin b\u00e4sta \u00e5lder med dokumenterat god h\u00e4lsa, trevlig mentalitet och utm\u00e4rkta jaktliga egenskaper. B\u00e5da har haft kullar tidigare. F\u00f6r mer information, se parninginfo under aktuella valpkullar.<\/p>\n\t<\/div><!-- .entry-summary -->\n\t<footer class=\"entry-footer\">\n\t\t\t<div class=\"entry-actions\">\n\t\t\t<p class=\"more-link-wrap\">\n\t\t\t\t<a href=\"https:\/\/www.drentklubben.se\/web\/forsta-inkorsningskullen-drentsche-patrijshond-och-kleine-munsterlander\/\" class=\"post-more-link\">\n\t\t\t\t\tRead More<span class=\"screen-reader-text\"> F\u00f6rsta inkorsningskullen drentsche patrijshond och kleine munsterl\u00e4nder.<\/span><span class=\"kadence-svg-iconset svg-baseline\"><svg aria-hidden=\"true\" class=\"kadence-svg-icon kadence-arrow-right-alt-svg\" fill=\"currentColor\" version=\"1.1\" xmlns=\"http:\/\/www.w3.org\/2000\/svg\" width=\"27\" height=\"28\" viewBox=\"0 0 27 28\"><title>Continue<\/title><path d=\"M27 13.953c0 0.141-0.063 0.281-0.156 0.375l-6 5.531c-0.156 0.141-0.359 0.172-0.547 0.094-0.172-0.078-0.297-0.25-0.297-0.453v-3.5h-19.5c-0.281 0-0.5-0.219-0.5-0.5v-3c0-0.281 0.219-0.5 0.5-0.5h19.5v-3.5c0-0.203 0.109-0.375 0.297-0.453s0.391-0.047 0.547 0.078l6 5.469c0.094 0.094 0.156 0.219 0.156 0.359v0z\"><\/path>\n\t\t\t<\/svg><\/span>\t\t\t\t<\/a>\n\t\t\t<\/p>\n\t\t<\/div><!-- .entry-actions -->\n\t\t<\/footer><!-- .entry-footer -->\t<\/div>\n<\/article>\n<article class=\"entry content-bg loop-entry post-965 post type-post status-publish format-standard hentry category-aktuella-valpkullar category-framsida\">\n\t\t<div class=\"entry-content-wrap\">\n\t\t<header class=\"entry-header\">\n\t\t<div class=\"entry-taxonomies\">\n\t\t<span class=\"category-links term-links category-style-normal\">\n\t\t\t<a href=\"https:\/\/www.drentklubben.se\/web\/category\/aktuella-valpkullar\/\" class=\"category-link-aktuella-valpkullar\" rel=\"tag\">Aktuella valpkullar<\/a> | <a href=\"https:\/\/www.drentklubben.se\/web\/category\/framsida\/\" class=\"category-link-framsida\" rel=\"tag\">Framsida<\/a>\t\t<\/span>\n\t<\/div><!-- .entry-taxonomies -->\n\t<h2 class=\"entry-title\"><a href=\"https:\/\/www.drentklubben.se\/web\/genomford-parning-kennel-friends-delight\/\" rel=\"bookmark\">Genomf\u00f6rd parning Kennel Friend\u00b4s Delight<\/a><\/h2>\t<div class=\"entry-meta entry-meta-divider-dot\">\n\t<span class=\"posted-by\"><span class=\"meta-label\">By<\/span><span class=\"author vcard\"><span class=\"fn n\">admin<\/span><\/span><\/span>\t\t\t<span class=\"posted-on\">\n\t\t\t\t<time class=\"entry-date published updated\" datetime=\"2025-03-21T14:51:48+01:00\">21 mars 2025<\/time>\t\t\t<\/span>\n\t\t\t\t<\/div><!-- .entry-meta -->\n\t<\/header><!-- .entry-header -->\n\t<div class=\"entry-summary\">\n\t\t<p>Parning genomf\u00f6rd, valpar v\u00e4ntas lagom till p\u00e5sk! Se parningsannons f\u00f6r mer info:<\/p>\n\t<\/div><!-- .entry-summary -->\n\t<footer class=\"entry-footer\">\n\t\t\t<div class=\"entry-actions\">\n\t\t\t<p class=\"more-link-wrap\">\n\t\t\t\t<a href=\"https:\/\/www.drentklubben.se\/web\/genomford-parning-kennel-friends-delight\/\" class=\"post-more-link\">\n\t\t\t\t\tRead More<span class=\"screen-reader-text\"> Genomf\u00f6rd parning Kennel Friend\u00b4s Delight<\/span><span class=\"kadence-svg-iconset svg-baseline\"><svg aria-hidden=\"true\" class=\"kadence-svg-icon kadence-arrow-right-alt-svg\" fill=\"currentColor\" version=\"1.1\" xmlns=\"http:\/\/www.w3.org\/2000\/svg\" width=\"27\" height=\"28\" viewBox=\"0 0 27 28\"><title>Continue<\/title><path d=\"M27 13.953c0 0.141-0.063 0.281-0.156 0.375l-6 5.531c-0.156 0.141-0.359 0.172-0.547 0.094-0.172-0.078-0.297-0.25-0.297-0.453v-3.5h-19.5c-0.281 0-0.5-0.219-0.5-0.5v-3c0-0.281 0.219-0.5 0.5-0.5h19.5v-3.5c0-0.203 0.109-0.375 0.297-0.453s0.391-0.047 0.547 0.078l6 5.469c0.094 0.094 0.156 0.219 0.156 0.359v0z\"><\/path>\n\t\t\t<\/svg><\/span>\t\t\t\t<\/a>\n\t\t\t<\/p>\n\t\t<\/div><!-- .entry-actions -->\n\t\t<\/footer><!-- .entry-footer -->\t<\/div>\n<\/article>\n<\/div><\/div><\/div>\n\n\n<style>.kadence-column1084_c375b4-17 > .kt-inside-inner-col,.kadence-column1084_c375b4-17 > .kt-inside-inner-col:before{border-top-left-radius:0px;border-top-right-radius:0px;border-bottom-right-radius:0px;border-bottom-left-radius:0px;}.kadence-column1084_c375b4-17 > .kt-inside-inner-col{column-gap:var(--global-kb-gap-sm, 1rem);}.kadence-column1084_c375b4-17 > .kt-inside-inner-col{flex-direction:column;}.kadence-column1084_c375b4-17 > .kt-inside-inner-col > .aligncenter{width:100%;}.kadence-column1084_c375b4-17 > .kt-inside-inner-col:before{opacity:0.3;}.kadence-column1084_c375b4-17{position:relative;}@media all and (max-width: 1024px){.kadence-column1084_c375b4-17 > .kt-inside-inner-col{flex-direction:column;justify-content:center;}}@media all and (max-width: 767px){.kadence-column1084_c375b4-17 > .kt-inside-inner-col{flex-direction:column;justify-content:center;}}<\/style>\n<div class=\"wp-block-kadence-column kadence-column1084_c375b4-17\"><div class=\"kt-inside-inner-col\">\n<div data-wp-interactive=\"core\/file\" class=\"wp-block-file\"><object data-wp-bind--hidden=\"!state.hasPdfPreview\" hidden class=\"wp-block-file__embed\" data=\"https:\/\/www.drentklubben.se\/wp-content\/uploads\/2025\/05\/Parning-Gilda-Figo-.pdf\" type=\"application\/pdf\" style=\"width:100%;height:373px\" aria-label=\"Inb\u00e4ddning av Parning Gilda - Figo.\"><\/object><a id=\"wp-block-file--media-f3d0efbd-727c-4f40-ac13-b7baf34353a3\" href=\"https:\/\/www.drentklubben.se\/wp-content\/uploads\/2025\/05\/Parning-Gilda-Figo-.pdf\">Parning Gilda &#8211; Figo<\/a><a href=\"https:\/\/www.drentklubben.se\/wp-content\/uploads\/2025\/05\/Parning-Gilda-Figo-.pdf\" class=\"wp-block-file__button wp-element-button\" download aria-describedby=\"wp-block-file--media-f3d0efbd-727c-4f40-ac13-b7baf34353a3\">Ladda ner<\/a><\/div>\n\n\n\n<div data-wp-interactive=\"core\/file\" class=\"wp-block-file\"><object data-wp-bind--hidden=\"!state.hasPdfPreview\" hidden class=\"wp-block-file__embed\" data=\"https:\/\/www.drentklubben.se\/wp-content\/uploads\/2025\/03\/Parning-Isa-Floke.pdf\" type=\"application\/pdf\" style=\"width:100%;height:373px\" aria-label=\"Inb\u00e4ddning av Parning-Isa-Floke.\"><\/object><a id=\"wp-block-file--media-d93b54a0-3a5d-48b3-b7c5-d1d1d887918c\" href=\"https:\/\/www.drentklubben.se\/wp-content\/uploads\/2025\/03\/Parning-Isa-Floke.pdf\">Parning-Isa-Floke<\/a><a href=\"https:\/\/www.drentklubben.se\/wp-content\/uploads\/2025\/03\/Parning-Isa-Floke.pdf\" class=\"wp-block-file__button wp-element-button\" download aria-describedby=\"wp-block-file--media-d93b54a0-3a5d-48b3-b7c5-d1d1d887918c\">Ladda ner<\/a><\/div>\n<\/div><\/div>\n\n<\/div><\/div>\n\n\n<div class=\"wp-block-columns is-layout-flex wp-container-core-columns-is-layout-9d6595d7 wp-block-columns-is-layout-flex\">\n<div class=\"wp-block-column is-layout-flow wp-block-column-is-layout-flow\"><\/div>\n\n\n\n<div class=\"wp-block-column is-layout-flow wp-block-column-is-layout-flow\"><\/div>\n<\/div>\n","protected":false},"excerpt":{"rendered":"<p>Aktuella valpkullar 2026<\/p>\n","protected":false},"author":1,"featured_media":0,"parent":0,"menu_order":0,"comment_status":"closed","ping_status":"closed","template":"","meta":{"_monsterinsights_skip_tracking":false,"_monsterinsights_sitenote_active":false,"_monsterinsights_sitenote_note":"","_monsterinsights_sitenote_category":0,"_kadence_starter_templates_imported_post":false,"_kad_post_transparent":"","_kad_post_title":"","_kad_post_layout":"","_kad_post_sidebar_id":"","_kad_post_content_style":"","_kad_post_vertical_padding":"","_kad_post_feature":"","_kad_post_feature_position":"","_kad_post_header":false,"_kad_post_footer":false,"footnotes":""},"class_list":["post-1084","page","type-page","status-publish","hentry"],"yoast_head":"<!-- This site is optimized with the Yoast SEO plugin v25.6 - https:\/\/yoast.com\/wordpress\/plugins\/seo\/ -->\n<title>Aktuella valpkullar - Svenska Drentsche Patrijshondklubben<\/title>\n<meta name=\"robots\" content=\"index, follow, max-snippet:-1, max-image-preview:large, max-video-preview:-1\" \/>\n<link rel=\"canonical\" href=\"https:\/\/www.drentklubben.se\/web\/aktuella-valpkullar\/\" \/>\n<meta property=\"og:locale\" content=\"sv_SE\" \/>\n<meta property=\"og:type\" content=\"article\" \/>\n<meta property=\"og:title\" content=\"Aktuella valpkullar - Svenska Drentsche Patrijshondklubben\" \/>\n<meta property=\"og:description\" content=\"Aktuella valpkullar 2026\" \/>\n<meta property=\"og:url\" content=\"https:\/\/www.drentklubben.se\/web\/aktuella-valpkullar\/\" \/>\n<meta property=\"og:site_name\" content=\"Svenska Drentsche Patrijshondklubben\" \/>\n<meta property=\"article:publisher\" content=\"https:\/\/www.facebook.com\/profile.php?id=100064533828543\" \/>\n<meta property=\"article:modified_time\" content=\"2026-02-05T10:16:29+00:00\" \/>\n<meta name=\"twitter:card\" content=\"summary_large_image\" \/>\n<meta name=\"twitter:label1\" content=\"Ber\u00e4knad l\u00e4stid\" \/>\n\t<meta name=\"twitter:data1\" content=\"1 minut\" \/>\n<script type=\"application\/ld+json\" class=\"yoast-schema-graph\">{\"@context\":\"https:\/\/schema.org\",\"@graph\":[{\"@type\":\"WebPage\",\"@id\":\"https:\/\/www.drentklubben.se\/web\/aktuella-valpkullar\/\",\"url\":\"https:\/\/www.drentklubben.se\/web\/aktuella-valpkullar\/\",\"name\":\"Aktuella valpkullar - Svenska Drentsche Patrijshondklubben\",\"isPartOf\":{\"@id\":\"https:\/\/www.drentklubben.se\/web\/#website\"},\"datePublished\":\"2025-05-24T17:07:00+00:00\",\"dateModified\":\"2026-02-05T10:16:29+00:00\",\"breadcrumb\":{\"@id\":\"https:\/\/www.drentklubben.se\/web\/aktuella-valpkullar\/#breadcrumb\"},\"inLanguage\":\"sv-SE\",\"potentialAction\":[{\"@type\":\"ReadAction\",\"target\":[\"https:\/\/www.drentklubben.se\/web\/aktuella-valpkullar\/\"]}]},{\"@type\":\"BreadcrumbList\",\"@id\":\"https:\/\/www.drentklubben.se\/web\/aktuella-valpkullar\/#breadcrumb\",\"itemListElement\":[{\"@type\":\"ListItem\",\"position\":1,\"name\":\"Home\",\"item\":\"https:\/\/www.drentklubben.se\/web\/\"},{\"@type\":\"ListItem\",\"position\":2,\"name\":\"Aktuella valpkullar\"}]},{\"@type\":\"WebSite\",\"@id\":\"https:\/\/www.drentklubben.se\/web\/#website\",\"url\":\"https:\/\/www.drentklubben.se\/web\/\",\"name\":\"Svenska Drentsche Patrijshondklubben\",\"description\":\"\",\"publisher\":{\"@id\":\"https:\/\/www.drentklubben.se\/web\/#organization\"},\"potentialAction\":[{\"@type\":\"SearchAction\",\"target\":{\"@type\":\"EntryPoint\",\"urlTemplate\":\"https:\/\/www.drentklubben.se\/web\/?s={search_term_string}\"},\"query-input\":{\"@type\":\"PropertyValueSpecification\",\"valueRequired\":true,\"valueName\":\"search_term_string\"}}],\"inLanguage\":\"sv-SE\"},{\"@type\":\"Organization\",\"@id\":\"https:\/\/www.drentklubben.se\/web\/#organization\",\"name\":\"Svenska Drentsche Patrijshondklubben\",\"url\":\"https:\/\/www.drentklubben.se\/web\/\",\"logo\":{\"@type\":\"ImageObject\",\"inLanguage\":\"sv-SE\",\"@id\":\"https:\/\/www.drentklubben.se\/web\/#\/schema\/logo\/image\/\",\"url\":\"https:\/\/www.drentklubben.se\/wp-content\/uploads\/2023\/03\/cropped-logo-2.jpg\",\"contentUrl\":\"https:\/\/www.drentklubben.se\/wp-content\/uploads\/2023\/03\/cropped-logo-2.jpg\",\"width\":1653,\"height\":1849,\"caption\":\"Svenska Drentsche Patrijshondklubben\"},\"image\":{\"@id\":\"https:\/\/www.drentklubben.se\/web\/#\/schema\/logo\/image\/\"},\"sameAs\":[\"https:\/\/www.facebook.com\/profile.php?id=100064533828543\"]}]}<\/script>\n<!-- \/ Yoast SEO plugin. -->","yoast_head_json":{"title":"Aktuella valpkullar - Svenska Drentsche Patrijshondklubben","robots":{"index":"index","follow":"follow","max-snippet":"max-snippet:-1","max-image-preview":"max-image-preview:large","max-video-preview":"max-video-preview:-1"},"canonical":"https:\/\/www.drentklubben.se\/web\/aktuella-valpkullar\/","og_locale":"sv_SE","og_type":"article","og_title":"Aktuella valpkullar - Svenska Drentsche Patrijshondklubben","og_description":"Aktuella valpkullar 2026","og_url":"https:\/\/www.drentklubben.se\/web\/aktuella-valpkullar\/","og_site_name":"Svenska Drentsche Patrijshondklubben","article_publisher":"https:\/\/www.facebook.com\/profile.php?id=100064533828543","article_modified_time":"2026-02-05T10:16:29+00:00","twitter_card":"summary_large_image","twitter_misc":{"Ber\u00e4knad l\u00e4stid":"1 minut"},"schema":{"@context":"https:\/\/schema.org","@graph":[{"@type":"WebPage","@id":"https:\/\/www.drentklubben.se\/web\/aktuella-valpkullar\/","url":"https:\/\/www.drentklubben.se\/web\/aktuella-valpkullar\/","name":"Aktuella valpkullar - Svenska Drentsche Patrijshondklubben","isPartOf":{"@id":"https:\/\/www.drentklubben.se\/web\/#website"},"datePublished":"2025-05-24T17:07:00+00:00","dateModified":"2026-02-05T10:16:29+00:00","breadcrumb":{"@id":"https:\/\/www.drentklubben.se\/web\/aktuella-valpkullar\/#breadcrumb"},"inLanguage":"sv-SE","potentialAction":[{"@type":"ReadAction","target":["https:\/\/www.drentklubben.se\/web\/aktuella-valpkullar\/"]}]},{"@type":"BreadcrumbList","@id":"https:\/\/www.drentklubben.se\/web\/aktuella-valpkullar\/#breadcrumb","itemListElement":[{"@type":"ListItem","position":1,"name":"Home","item":"https:\/\/www.drentklubben.se\/web\/"},{"@type":"ListItem","position":2,"name":"Aktuella valpkullar"}]},{"@type":"WebSite","@id":"https:\/\/www.drentklubben.se\/web\/#website","url":"https:\/\/www.drentklubben.se\/web\/","name":"Svenska Drentsche Patrijshondklubben","description":"","publisher":{"@id":"https:\/\/www.drentklubben.se\/web\/#organization"},"potentialAction":[{"@type":"SearchAction","target":{"@type":"EntryPoint","urlTemplate":"https:\/\/www.drentklubben.se\/web\/?s={search_term_string}"},"query-input":{"@type":"PropertyValueSpecification","valueRequired":true,"valueName":"search_term_string"}}],"inLanguage":"sv-SE"},{"@type":"Organization","@id":"https:\/\/www.drentklubben.se\/web\/#organization","name":"Svenska Drentsche Patrijshondklubben","url":"https:\/\/www.drentklubben.se\/web\/","logo":{"@type":"ImageObject","inLanguage":"sv-SE","@id":"https:\/\/www.drentklubben.se\/web\/#\/schema\/logo\/image\/","url":"https:\/\/www.drentklubben.se\/wp-content\/uploads\/2023\/03\/cropped-logo-2.jpg","contentUrl":"https:\/\/www.drentklubben.se\/wp-content\/uploads\/2023\/03\/cropped-logo-2.jpg","width":1653,"height":1849,"caption":"Svenska Drentsche Patrijshondklubben"},"image":{"@id":"https:\/\/www.drentklubben.se\/web\/#\/schema\/logo\/image\/"},"sameAs":["https:\/\/www.facebook.com\/profile.php?id=100064533828543"]}]}},"_links":{"self":[{"href":"https:\/\/www.drentklubben.se\/web\/wp-json\/wp\/v2\/pages\/1084","targetHints":{"allow":["GET"]}}],"collection":[{"href":"https:\/\/www.drentklubben.se\/web\/wp-json\/wp\/v2\/pages"}],"about":[{"href":"https:\/\/www.drentklubben.se\/web\/wp-json\/wp\/v2\/types\/page"}],"author":[{"embeddable":true,"href":"https:\/\/www.drentklubben.se\/web\/wp-json\/wp\/v2\/users\/1"}],"replies":[{"embeddable":true,"href":"https:\/\/www.drentklubben.se\/web\/wp-json\/wp\/v2\/comments?post=1084"}],"version-history":[{"count":5,"href":"https:\/\/www.drentklubben.se\/web\/wp-json\/wp\/v2\/pages\/1084\/revisions"}],"predecessor-version":[{"id":1312,"href":"https:\/\/www.drentklubben.se\/web\/wp-json\/wp\/v2\/pages\/1084\/revisions\/1312"}],"wp:attachment":[{"href":"https:\/\/www.drentklubben.se\/web\/wp-json\/wp\/v2\/media?parent=1084"}],"curies":[{"name":"wp","href":"https:\/\/api.w.org\/{rel}","templated":true}]}}